{"id":164,"date":"2017-06-13T10:09:06","date_gmt":"2017-06-13T08:09:06","guid":{"rendered":"https:\/\/www.digibus.at\/?page_id=164\/"},"modified":"2017-06-14T11:36:51","modified_gmt":"2017-06-14T09:36:51","slug":"first-stop-koppl","status":"publish","type":"page","link":"https:\/\/www.digibus.at\/en\/first-stop-koppl\/","title":{"rendered":"First stop: Koppl"},"content":{"rendered":"<p><a href=\"https:\/\/www.digibus.at\/wp-content\/uploads\/digibus-koppl-web.jpg\"><img loading=\"lazy\" decoding=\"async\" class=\"alignright size-medium wp-image-158\" src=\"https:\/\/www.digibus.at\/wp-content\/uploads\/digibus-koppl-web-300x223.jpg\" alt=\"\" width=\"300\" height=\"223\" srcset=\"https:\/\/www.digibus.at\/wp-content\/uploads\/digibus-koppl-web-300x223.jpg 300w, https:\/\/www.digibus.at\/wp-content\/uploads\/digibus-koppl-web.jpg 600w\" sizes=\"auto, (max-width: 300px) 100vw, 300px\" \/><\/a>The first station for the automated Digibus is Koppl, a municipality in Flachgau in Salzburg.<\/p>\n<p>The municipality of Koppl is a typical example of the so-called last mile: the center is about 1.4 km from the B 158 and thus from the line 150 (Salzburg &#8211; Bad Ischl) of the Salzburger Verkehrsverbundes. From research we know that this distance &#8211; the &#8220;last mile&#8221; &#8211; is often a major obstacle to actually use existing public transport.<\/p>\n<p>Between the main road and the city center, the shuttle bus of line 152 runs for economic reasons only very rarely. An autonomous minibus could close the gap for the less profitable time.<\/p>\n<p>&nbsp;<\/p>\n<p><a href=\"https:\/\/www.digibus.at\/wp-content\/uploads\/digibus_fahrstrecke-1.jpg\"><img loading=\"lazy\" decoding=\"async\" class=\" wp-image-83 alignright\" src=\"https:\/\/www.digibus.at\/wp-content\/uploads\/digibus_fahrstrecke-1-792x1024.jpg\" alt=\"\" width=\"471\" height=\"609\" srcset=\"https:\/\/www.digibus.at\/wp-content\/uploads\/digibus_fahrstrecke-1-792x1024.jpg 792w, https:\/\/www.digibus.at\/wp-content\/uploads\/digibus_fahrstrecke-1-232x300.jpg 232w, https:\/\/www.digibus.at\/wp-content\/uploads\/digibus_fahrstrecke-1-768x993.jpg 768w, https:\/\/www.digibus.at\/wp-content\/uploads\/digibus_fahrstrecke-1.jpg 1737w\" sizes=\"auto, (max-width: 471px) 100vw, 471px\" \/><\/a><strong>Route of the Digibus:<\/strong><\/p>\n<p>The Digibus runs as a feeder between Federal Highway 158 (SVV bus 150 Salzburg- Bad Ischl, stop Koppl-Sperrbr\u00fccke) and the municipality center of Koppl.<\/p>\n<p><strong>Would you like to go?<\/strong><\/p>\n<p><a href=\"https:\/\/www.digibus.at\/en\/test-drives\/\">Here\u00a0<\/a> we publish those days, in which interested persons can travel without pre-registration and without a ticket. We ask you only to complete a short questionnaire at the end of the test drive.<\/p>\n","protected":false},"excerpt":{"rendered":"<p>The first station for the automated Digibus is Koppl, a municipality in Flachgau in Salzburg. The municipality of Koppl is a typical example of the so-called last mile: the center is about 1.4 km from the B 158 and thus from the line 150 (Salzburg &#8211; Bad Ischl) of the Salzburger Verkehrsverbundes. From research we [&hellip;]<\/p>\n","protected":false},"author":1,"featured_media":0,"parent":0,"menu_order":0,"comment_status":"closed","ping_status":"closed","template":"","meta":{"footnotes":""},"class_list":["post-164","page","type-page","status-publish","hentry"],"featured_image_urls_v2":{"full":"","thumbnail":"","medium":"","medium_large":"","large":"","1536x1536":"","2048x2048":""},"post_excerpt_stackable_v2":"<p>The first station for the automated Digibus is Koppl, a municipality in Flachgau in Salzburg. The municipality of Koppl is a typical example of the so-called last mile: the center is about 1.4 km from the B 158 and thus from the line 150 (Salzburg &#8211; Bad Ischl) of the Salzburger Verkehrsverbundes. From research we know that this distance &#8211; the &#8220;last mile&#8221; &#8211; is often a major obstacle to actually use existing public transport. Between the main road and the city center, the shuttle bus of line 152 runs for economic reasons only very rarely. An autonomous minibus could&hellip;<\/p>\n","category_list_v2":"","author_info_v2":{"name":"wp_admin","url":"https:\/\/www.digibus.at\/en\/author\/wp_admin\/"},"comments_num_v2":"0 comments","yoast_head":"<!-- This site is optimized with the Yoast SEO plugin v27.4 - https:\/\/yoast.com\/product\/yoast-seo-wordpress\/ -->\n<title>First stop: Koppl - Digibus 2.0<\/title>\n<meta name=\"robots\" content=\"index, follow, max-snippet:-1, max-image-preview:large, max-video-preview:-1\" \/>\n<link rel=\"canonical\" href=\"https:\/\/www.digibus.at\/en\/first-stop-koppl\/\" \/>\n<meta property=\"og:locale\" content=\"en_US\" \/>\n<meta property=\"og:type\" content=\"article\" \/>\n<meta property=\"og:title\" content=\"First stop: Koppl - Digibus 2.0\" \/>\n<meta property=\"og:description\" content=\"The first station for the automated Digibus is Koppl, a municipality in Flachgau in Salzburg. The municipality of Koppl is a typical example of the so-called last mile: the center is about 1.4 km from the B 158 and thus from the line 150 (Salzburg &#8211; Bad Ischl) of the Salzburger Verkehrsverbundes. From research we [&hellip;]\" \/>\n<meta property=\"og:url\" content=\"https:\/\/www.digibus.at\/en\/first-stop-koppl\/\" \/>\n<meta property=\"og:site_name\" content=\"Digibus 2.0\" \/>\n<meta property=\"article:modified_time\" content=\"2017-06-14T09:36:51+00:00\" \/>\n<meta property=\"og:image\" content=\"https:\/\/www.digibus.at\/wp-content\/uploads\/digibus-koppl-web-300x223.jpg\" \/>\n<meta name=\"twitter:card\" content=\"summary_large_image\" \/>\n<meta name=\"twitter:label1\" content=\"Est. reading time\" \/>\n\t<meta name=\"twitter:data1\" content=\"1 minute\" \/>\n<script type=\"application\/ld+json\" class=\"yoast-schema-graph\">{\"@context\":\"https:\\\/\\\/schema.org\",\"@graph\":[{\"@type\":\"WebPage\",\"@id\":\"https:\\\/\\\/www.digibus.at\\\/en\\\/first-stop-koppl\\\/\",\"url\":\"https:\\\/\\\/www.digibus.at\\\/en\\\/first-stop-koppl\\\/\",\"name\":\"First stop: Koppl - Digibus 2.0\",\"isPartOf\":{\"@id\":\"https:\\\/\\\/www.digibus.at\\\/#website\"},\"primaryImageOfPage\":{\"@id\":\"https:\\\/\\\/www.digibus.at\\\/en\\\/first-stop-koppl\\\/#primaryimage\"},\"image\":{\"@id\":\"https:\\\/\\\/www.digibus.at\\\/en\\\/first-stop-koppl\\\/#primaryimage\"},\"thumbnailUrl\":\"https:\\\/\\\/www.digibus.at\\\/wp-content\\\/uploads\\\/digibus-koppl-web-300x223.jpg\",\"datePublished\":\"2017-06-13T08:09:06+00:00\",\"dateModified\":\"2017-06-14T09:36:51+00:00\",\"breadcrumb\":{\"@id\":\"https:\\\/\\\/www.digibus.at\\\/en\\\/first-stop-koppl\\\/#breadcrumb\"},\"inLanguage\":\"en-US\",\"potentialAction\":[{\"@type\":\"ReadAction\",\"target\":[\"https:\\\/\\\/www.digibus.at\\\/en\\\/first-stop-koppl\\\/\"]}]},{\"@type\":\"ImageObject\",\"inLanguage\":\"en-US\",\"@id\":\"https:\\\/\\\/www.digibus.at\\\/en\\\/first-stop-koppl\\\/#primaryimage\",\"url\":\"https:\\\/\\\/www.digibus.at\\\/wp-content\\\/uploads\\\/digibus-koppl-web-300x223.jpg\",\"contentUrl\":\"https:\\\/\\\/www.digibus.at\\\/wp-content\\\/uploads\\\/digibus-koppl-web-300x223.jpg\"},{\"@type\":\"BreadcrumbList\",\"@id\":\"https:\\\/\\\/www.digibus.at\\\/en\\\/first-stop-koppl\\\/#breadcrumb\",\"itemListElement\":[{\"@type\":\"ListItem\",\"position\":1,\"name\":\"Startseite\",\"item\":\"https:\\\/\\\/www.digibus.at\\\/en\\\/\"},{\"@type\":\"ListItem\",\"position\":2,\"name\":\"First stop: Koppl\"}]},{\"@type\":\"WebSite\",\"@id\":\"https:\\\/\\\/www.digibus.at\\\/#website\",\"url\":\"https:\\\/\\\/www.digibus.at\\\/\",\"name\":\"Digibus 2.0\",\"description\":\"\u00d6sterreichisches Leitprojekt f\u00fcr automatisiertes Fahren im \u00f6ffentlichen Personennahverkehr\",\"potentialAction\":[{\"@type\":\"SearchAction\",\"target\":{\"@type\":\"EntryPoint\",\"urlTemplate\":\"https:\\\/\\\/www.digibus.at\\\/?s={search_term_string}\"},\"query-input\":{\"@type\":\"PropertyValueSpecification\",\"valueRequired\":true,\"valueName\":\"search_term_string\"}}],\"inLanguage\":\"en-US\"}]}<\/script>\n<!-- \/ Yoast SEO plugin. -->","yoast_head_json":{"title":"First stop: Koppl - Digibus 2.0","robots":{"index":"index","follow":"follow","max-snippet":"max-snippet:-1","max-image-preview":"max-image-preview:large","max-video-preview":"max-video-preview:-1"},"canonical":"https:\/\/www.digibus.at\/en\/first-stop-koppl\/","og_locale":"en_US","og_type":"article","og_title":"First stop: Koppl - Digibus 2.0","og_description":"The first station for the automated Digibus is Koppl, a municipality in Flachgau in Salzburg. The municipality of Koppl is a typical example of the so-called last mile: the center is about 1.4 km from the B 158 and thus from the line 150 (Salzburg &#8211; Bad Ischl) of the Salzburger Verkehrsverbundes. From research we [&hellip;]","og_url":"https:\/\/www.digibus.at\/en\/first-stop-koppl\/","og_site_name":"Digibus 2.0","article_modified_time":"2017-06-14T09:36:51+00:00","og_image":[{"url":"https:\/\/www.digibus.at\/wp-content\/uploads\/digibus-koppl-web-300x223.jpg","type":"","width":"","height":""}],"twitter_card":"summary_large_image","twitter_misc":{"Est. reading time":"1 minute"},"schema":{"@context":"https:\/\/schema.org","@graph":[{"@type":"WebPage","@id":"https:\/\/www.digibus.at\/en\/first-stop-koppl\/","url":"https:\/\/www.digibus.at\/en\/first-stop-koppl\/","name":"First stop: Koppl - Digibus 2.0","isPartOf":{"@id":"https:\/\/www.digibus.at\/#website"},"primaryImageOfPage":{"@id":"https:\/\/www.digibus.at\/en\/first-stop-koppl\/#primaryimage"},"image":{"@id":"https:\/\/www.digibus.at\/en\/first-stop-koppl\/#primaryimage"},"thumbnailUrl":"https:\/\/www.digibus.at\/wp-content\/uploads\/digibus-koppl-web-300x223.jpg","datePublished":"2017-06-13T08:09:06+00:00","dateModified":"2017-06-14T09:36:51+00:00","breadcrumb":{"@id":"https:\/\/www.digibus.at\/en\/first-stop-koppl\/#breadcrumb"},"inLanguage":"en-US","potentialAction":[{"@type":"ReadAction","target":["https:\/\/www.digibus.at\/en\/first-stop-koppl\/"]}]},{"@type":"ImageObject","inLanguage":"en-US","@id":"https:\/\/www.digibus.at\/en\/first-stop-koppl\/#primaryimage","url":"https:\/\/www.digibus.at\/wp-content\/uploads\/digibus-koppl-web-300x223.jpg","contentUrl":"https:\/\/www.digibus.at\/wp-content\/uploads\/digibus-koppl-web-300x223.jpg"},{"@type":"BreadcrumbList","@id":"https:\/\/www.digibus.at\/en\/first-stop-koppl\/#breadcrumb","itemListElement":[{"@type":"ListItem","position":1,"name":"Startseite","item":"https:\/\/www.digibus.at\/en\/"},{"@type":"ListItem","position":2,"name":"First stop: Koppl"}]},{"@type":"WebSite","@id":"https:\/\/www.digibus.at\/#website","url":"https:\/\/www.digibus.at\/","name":"Digibus 2.0","description":"\u00d6sterreichisches Leitprojekt f\u00fcr automatisiertes Fahren im \u00f6ffentlichen Personennahverkehr","potentialAction":[{"@type":"SearchAction","target":{"@type":"EntryPoint","urlTemplate":"https:\/\/www.digibus.at\/?s={search_term_string}"},"query-input":{"@type":"PropertyValueSpecification","valueRequired":true,"valueName":"search_term_string"}}],"inLanguage":"en-US"}]}},"_links":{"self":[{"href":"https:\/\/www.digibus.at\/en\/wp-json\/wp\/v2\/pages\/164","targetHints":{"allow":["GET"]}}],"collection":[{"href":"https:\/\/www.digibus.at\/en\/wp-json\/wp\/v2\/pages"}],"about":[{"href":"https:\/\/www.digibus.at\/en\/wp-json\/wp\/v2\/types\/page"}],"author":[{"embeddable":true,"href":"https:\/\/www.digibus.at\/en\/wp-json\/wp\/v2\/users\/1"}],"replies":[{"embeddable":true,"href":"https:\/\/www.digibus.at\/en\/wp-json\/wp\/v2\/comments?post=164"}],"version-history":[{"count":4,"href":"https:\/\/www.digibus.at\/en\/wp-json\/wp\/v2\/pages\/164\/revisions"}],"predecessor-version":[{"id":204,"href":"https:\/\/www.digibus.at\/en\/wp-json\/wp\/v2\/pages\/164\/revisions\/204"}],"wp:attachment":[{"href":"https:\/\/www.digibus.at\/en\/wp-json\/wp\/v2\/media?parent=164"}],"curies":[{"name":"wp","href":"https:\/\/api.w.org\/{rel}","templated":true}]}}