{"id":409,"date":"2018-04-11T10:43:42","date_gmt":"2018-04-11T08:43:42","guid":{"rendered":"https:\/\/www.digibus.at\/?page_id=409"},"modified":"2019-06-27T15:22:03","modified_gmt":"2019-06-27T13:22:03","slug":"partners","status":"publish","type":"page","link":"https:\/\/www.digibus.at\/en\/partners\/","title":{"rendered":"Partners"},"content":{"rendered":"<p>Under the lead of Salzburg Research &#8220;Digibus\u00ae Austria&#8221; is managed by a top-class partner consortium along the entire value-added chain of public transport, from the vehicle manufacturer to the mobility service provider.<\/p>\n<p>Project coordinator:<\/p>\n<p><img loading=\"lazy\" decoding=\"async\" class=\"alignnone wp-image-363\" src=\"https:\/\/www.digibus.at\/wp-content\/uploads\/SR_logo_RGB-300x123.jpg\" alt=\"\" width=\"198\" height=\"81\" srcset=\"https:\/\/www.digibus.at\/wp-content\/uploads\/SR_logo_RGB-300x123.jpg 300w, https:\/\/www.digibus.at\/wp-content\/uploads\/SR_logo_RGB-768x314.jpg 768w, https:\/\/www.digibus.at\/wp-content\/uploads\/SR_logo_RGB-1024x419.jpg 1024w, https:\/\/www.digibus.at\/wp-content\/uploads\/SR_logo_RGB.jpg 1200w\" sizes=\"auto, (max-width: 198px) 100vw, 198px\" \/><\/p>\n<p>Companies:<br \/>\n<img loading=\"lazy\" decoding=\"async\" class=\"alignnone wp-image-330\" src=\"https:\/\/www.digibus.at\/wp-content\/uploads\/OeBB_rgb226-0-42_Logo-300x104.jpg\" alt=\"\" width=\"121\" height=\"42\" srcset=\"https:\/\/www.digibus.at\/wp-content\/uploads\/OeBB_rgb226-0-42_Logo-300x104.jpg 300w, https:\/\/www.digibus.at\/wp-content\/uploads\/OeBB_rgb226-0-42_Logo.jpg 306w\" sizes=\"auto, (max-width: 121px) 100vw, 121px\" \/>\u00a0 <img loading=\"lazy\" decoding=\"async\" class=\"alignnone wp-image-331\" src=\"https:\/\/www.digibus.at\/wp-content\/uploads\/Prismasolutions_rgb_300dpi-244x300.jpg\" alt=\"\" width=\"84\" height=\"103\" srcset=\"https:\/\/www.digibus.at\/wp-content\/uploads\/Prismasolutions_rgb_300dpi-244x300.jpg 244w, https:\/\/www.digibus.at\/wp-content\/uploads\/Prismasolutions_rgb_300dpi-768x945.jpg 768w, https:\/\/www.digibus.at\/wp-content\/uploads\/Prismasolutions_rgb_300dpi-832x1024.jpg 832w, https:\/\/www.digibus.at\/wp-content\/uploads\/Prismasolutions_rgb_300dpi.jpg 1069w\" sizes=\"auto, (max-width: 84px) 100vw, 84px\" \/> \u00a0\u00a0\u00a0\u00a0\u00a0 <img loading=\"lazy\" decoding=\"async\" class=\"alignnone wp-image-333\" src=\"https:\/\/www.digibus.at\/wp-content\/uploads\/Logo-Commend-rgb-150x191mm-V10-235x300.jpg\" alt=\"\" width=\"77\" height=\"99\" srcset=\"https:\/\/www.digibus.at\/wp-content\/uploads\/Logo-Commend-rgb-150x191mm-V10-235x300.jpg 235w, https:\/\/www.digibus.at\/wp-content\/uploads\/Logo-Commend-rgb-150x191mm-V10-768x979.jpg 768w, https:\/\/www.digibus.at\/wp-content\/uploads\/Logo-Commend-rgb-150x191mm-V10-803x1024.jpg 803w, https:\/\/www.digibus.at\/wp-content\/uploads\/Logo-Commend-rgb-150x191mm-V10.jpg 1772w\" sizes=\"auto, (max-width: 77px) 100vw, 77px\" \/>\u00a0 <img loading=\"lazy\" decoding=\"async\" class=\"alignnone wp-image-425\" src=\"https:\/\/www.digibus.at\/wp-content\/uploads\/EASY-MILE-logo-RVB-300x212.jpg\" alt=\"\" width=\"122\" height=\"86\" srcset=\"https:\/\/www.digibus.at\/wp-content\/uploads\/EASY-MILE-logo-RVB-300x212.jpg 300w, https:\/\/www.digibus.at\/wp-content\/uploads\/EASY-MILE-logo-RVB-768x543.jpg 768w, https:\/\/www.digibus.at\/wp-content\/uploads\/EASY-MILE-logo-RVB-1024x724.jpg 1024w\" sizes=\"auto, (max-width: 122px) 100vw, 122px\" \/><\/p>\n<p><img loading=\"lazy\" decoding=\"async\" class=\"alignnone wp-image-329\" src=\"https:\/\/www.digibus.at\/wp-content\/uploads\/Kapsch_RGB-300x49.png\" alt=\"\" width=\"233\" height=\"38\" srcset=\"https:\/\/www.digibus.at\/wp-content\/uploads\/Kapsch_RGB-300x49.png 300w, https:\/\/www.digibus.at\/wp-content\/uploads\/Kapsch_RGB-768x126.png 768w, https:\/\/www.digibus.at\/wp-content\/uploads\/Kapsch_RGB-1024x168.png 1024w, https:\/\/www.digibus.at\/wp-content\/uploads\/Kapsch_RGB.png 1299w\" sizes=\"auto, (max-width: 233px) 100vw, 233px\" \/><img loading=\"lazy\" decoding=\"async\" class=\"alignnone wp-image-332\" src=\"https:\/\/www.digibus.at\/wp-content\/uploads\/Logo_Fluidtime-300x87.jpg\" alt=\"\" width=\"194\" height=\"56\" srcset=\"https:\/\/www.digibus.at\/wp-content\/uploads\/Logo_Fluidtime-300x87.jpg 300w, https:\/\/www.digibus.at\/wp-content\/uploads\/Logo_Fluidtime.jpg 415w\" sizes=\"auto, (max-width: 194px) 100vw, 194px\" \/>\u00a0 <img loading=\"lazy\" decoding=\"async\" class=\"alignnone wp-image-334\" src=\"https:\/\/www.digibus.at\/wp-content\/uploads\/index-300x73.png\" alt=\"\" width=\"152\" height=\"37\" srcset=\"https:\/\/www.digibus.at\/wp-content\/uploads\/index-300x73.png 300w, https:\/\/www.digibus.at\/wp-content\/uploads\/index.png 455w\" sizes=\"auto, (max-width: 152px) 100vw, 152px\" \/><\/p>\n<p>Research institutes:<br \/>\n<img loading=\"lazy\" decoding=\"async\" class=\"alignnone wp-image-338\" src=\"https:\/\/www.digibus.at\/wp-content\/uploads\/vif-logo-300x71.png\" alt=\"\" width=\"221\" height=\"52\" srcset=\"https:\/\/www.digibus.at\/wp-content\/uploads\/vif-logo-300x71.png 300w, https:\/\/www.digibus.at\/wp-content\/uploads\/vif-logo.png 330w\" sizes=\"auto, (max-width: 221px) 100vw, 221px\" \/> <img loading=\"lazy\" decoding=\"async\" class=\"alignnone wp-image-339\" src=\"https:\/\/www.digibus.at\/wp-content\/uploads\/ait_logo_ohne_claim_c1_rgb-300x73.jpg\" alt=\"\" width=\"214\" height=\"52\" srcset=\"https:\/\/www.digibus.at\/wp-content\/uploads\/ait_logo_ohne_claim_c1_rgb-300x73.jpg 300w, https:\/\/www.digibus.at\/wp-content\/uploads\/ait_logo_ohne_claim_c1_rgb-768x187.jpg 768w, https:\/\/www.digibus.at\/wp-content\/uploads\/ait_logo_ohne_claim_c1_rgb-1024x250.jpg 1024w, https:\/\/www.digibus.at\/wp-content\/uploads\/ait_logo_ohne_claim_c1_rgb.jpg 1772w\" sizes=\"auto, (max-width: 214px) 100vw, 214px\" \/><img loading=\"lazy\" decoding=\"async\" class=\"alignnone wp-image-364\" src=\"https:\/\/www.digibus.at\/wp-content\/uploads\/uni-salzburg_logo_center4C-01-300x74.png\" alt=\"\" width=\"251\" height=\"62\" srcset=\"https:\/\/www.digibus.at\/wp-content\/uploads\/uni-salzburg_logo_center4C-01-300x74.png 300w, https:\/\/www.digibus.at\/wp-content\/uploads\/uni-salzburg_logo_center4C-01-768x189.png 768w, https:\/\/www.digibus.at\/wp-content\/uploads\/uni-salzburg_logo_center4C-01-1024x252.png 1024w\" sizes=\"auto, (max-width: 251px) 100vw, 251px\" \/><\/p>\n<p><img loading=\"lazy\" decoding=\"async\" class=\"alignnone wp-image-340\" src=\"https:\/\/www.digibus.at\/wp-content\/uploads\/csm_BOKU-Logo_ZG_aa45f9ed6c-300x189.jpg\" alt=\"\" width=\"112\" height=\"71\" srcset=\"https:\/\/www.digibus.at\/wp-content\/uploads\/csm_BOKU-Logo_ZG_aa45f9ed6c-300x189.jpg 300w, https:\/\/www.digibus.at\/wp-content\/uploads\/csm_BOKU-Logo_ZG_aa45f9ed6c.jpg 479w\" sizes=\"auto, (max-width: 112px) 100vw, 112px\" \/>\u00a0 \u00a0\u00a0<img loading=\"lazy\" decoding=\"async\" class=\"alignnone  wp-image-602\" src=\"https:\/\/www.digibus.at\/wp-content\/uploads\/Logo_Factum_square-e1561641489913-300x154.jpg\" alt=\"\" width=\"123\" height=\"63\" srcset=\"https:\/\/www.digibus.at\/wp-content\/uploads\/Logo_Factum_square-e1561641489913-300x154.jpg 300w, https:\/\/www.digibus.at\/wp-content\/uploads\/Logo_Factum_square-e1561641489913-768x395.jpg 768w, https:\/\/www.digibus.at\/wp-content\/uploads\/Logo_Factum_square-e1561641489913-1024x527.jpg 1024w, https:\/\/www.digibus.at\/wp-content\/uploads\/Logo_Factum_square-e1561641489913.jpg 1678w\" sizes=\"auto, (max-width: 123px) 100vw, 123px\" \/><\/p>\n<p><span id=\"result_box\" class=\"short_text\" lang=\"en\" tabindex=\"-1\"><span class=\"\">Associate partners:<\/span><\/span><\/p>\n<p><img loading=\"lazy\" decoding=\"async\" class=\"alignnone wp-image-343\" src=\"https:\/\/www.digibus.at\/wp-content\/uploads\/logo-sbg.png\" alt=\"\" width=\"187\" height=\"68\" \/>\u00a0 <img loading=\"lazy\" decoding=\"async\" class=\"alignnone wp-image-342\" src=\"https:\/\/www.digibus.at\/wp-content\/uploads\/NOEL_Logo_cmyk_300dpi-2-261x300.jpg\" alt=\"\" width=\"70\" height=\"81\" srcset=\"https:\/\/www.digibus.at\/wp-content\/uploads\/NOEL_Logo_cmyk_300dpi-2-261x300.jpg 261w, https:\/\/www.digibus.at\/wp-content\/uploads\/NOEL_Logo_cmyk_300dpi-2.jpg 517w\" sizes=\"auto, (max-width: 70px) 100vw, 70px\" \/> \u00a0 \u00a0 <img loading=\"lazy\" decoding=\"async\" class=\"alignnone  wp-image-536\" src=\"https:\/\/www.digibus.at\/wp-content\/uploads\/A1_01_08RED_3_L-300x300.jpg\" alt=\"\" width=\"88\" height=\"88\" srcset=\"https:\/\/www.digibus.at\/wp-content\/uploads\/A1_01_08RED_3_L-300x300.jpg 300w, https:\/\/www.digibus.at\/wp-content\/uploads\/A1_01_08RED_3_L-150x150.jpg 150w, https:\/\/www.digibus.at\/wp-content\/uploads\/A1_01_08RED_3_L-768x768.jpg 768w, https:\/\/www.digibus.at\/wp-content\/uploads\/A1_01_08RED_3_L-1024x1024.jpg 1024w, https:\/\/www.digibus.at\/wp-content\/uploads\/A1_01_08RED_3_L.jpg 1481w\" sizes=\"auto, (max-width: 88px) 100vw, 88px\" \/><img loading=\"lazy\" decoding=\"async\" class=\"alignnone  wp-image-609\" src=\"https:\/\/www.digibus.at\/wp-content\/uploads\/O\u0308AMTC-Fahrtechnik-300x118.jpg\" alt=\"\" width=\"191\" height=\"75\" srcset=\"https:\/\/www.digibus.at\/wp-content\/uploads\/O\u0308AMTC-Fahrtechnik-300x118.jpg 300w, https:\/\/www.digibus.at\/wp-content\/uploads\/O\u0308AMTC-Fahrtechnik.jpg 398w\" sizes=\"auto, (max-width: 191px) 100vw, 191px\" \/><\/p>\n<p><a href=\"https:\/\/www.digibus.at\/en\/\">Back to home page<\/a><\/p>\n","protected":false},"excerpt":{"rendered":"<p>Under the lead of Salzburg Research &#8220;Digibus\u00ae Austria&#8221; is managed by a top-class partner consortium along the entire value-added chain of public transport, from the vehicle manufacturer to the mobility service provider. Project coordinator: Companies: \u00a0 \u00a0\u00a0\u00a0\u00a0\u00a0 \u00a0 \u00a0 Research institutes: \u00a0 \u00a0\u00a0 Associate partners: \u00a0 \u00a0 \u00a0 Back to home page<\/p>\n","protected":false},"author":3,"featured_media":0,"parent":0,"menu_order":0,"comment_status":"closed","ping_status":"closed","template":"","meta":{"footnotes":""},"class_list":["post-409","page","type-page","status-publish","hentry"],"featured_image_urls_v2":{"full":"","thumbnail":"","medium":"","medium_large":"","large":"","1536x1536":"","2048x2048":""},"post_excerpt_stackable_v2":"<p>Under the lead of Salzburg Research &#8220;Digibus\u00ae Austria&#8221; is managed by a top-class partner consortium along the entire value-added chain of public transport, from the vehicle manufacturer to the mobility service provider. Project coordinator: Companies: \u00a0 \u00a0\u00a0\u00a0\u00a0\u00a0 \u00a0 \u00a0 Research institutes: \u00a0 \u00a0\u00a0 Associate partners: \u00a0 \u00a0 \u00a0 Back to home page<\/p>\n","category_list_v2":"","author_info_v2":{"name":"Cornelia Zankl","url":"https:\/\/www.digibus.at\/en\/author\/czankl\/"},"comments_num_v2":"0 comments","yoast_head":"<!-- This site is optimized with the Yoast SEO plugin v27.4 - https:\/\/yoast.com\/product\/yoast-seo-wordpress\/ -->\n<title>Partners - Digibus 2.0<\/title>\n<meta name=\"robots\" content=\"index, follow, max-snippet:-1, max-image-preview:large, max-video-preview:-1\" \/>\n<link rel=\"canonical\" href=\"https:\/\/www.digibus.at\/en\/partners\/\" \/>\n<meta property=\"og:locale\" content=\"en_US\" \/>\n<meta property=\"og:type\" content=\"article\" \/>\n<meta property=\"og:title\" content=\"Partners - Digibus 2.0\" \/>\n<meta property=\"og:description\" content=\"Under the lead of Salzburg Research &#8220;Digibus\u00ae Austria&#8221; is managed by a top-class partner consortium along the entire value-added chain of public transport, from the vehicle manufacturer to the mobility service provider. Project coordinator: Companies: \u00a0 \u00a0\u00a0\u00a0\u00a0\u00a0 \u00a0 \u00a0 Research institutes: \u00a0 \u00a0\u00a0 Associate partners: \u00a0 \u00a0 \u00a0 Back to home page\" \/>\n<meta property=\"og:url\" content=\"https:\/\/www.digibus.at\/en\/partners\/\" \/>\n<meta property=\"og:site_name\" content=\"Digibus 2.0\" \/>\n<meta property=\"article:modified_time\" content=\"2019-06-27T13:22:03+00:00\" \/>\n<meta property=\"og:image\" content=\"https:\/\/www.digibus.at\/wp-content\/uploads\/SR_logo_RGB-300x123.jpg\" \/>\n<meta name=\"twitter:card\" content=\"summary_large_image\" \/>\n<script type=\"application\/ld+json\" class=\"yoast-schema-graph\">{\"@context\":\"https:\\\/\\\/schema.org\",\"@graph\":[{\"@type\":\"WebPage\",\"@id\":\"https:\\\/\\\/www.digibus.at\\\/en\\\/partners\\\/\",\"url\":\"https:\\\/\\\/www.digibus.at\\\/en\\\/partners\\\/\",\"name\":\"Partners - Digibus 2.0\",\"isPartOf\":{\"@id\":\"https:\\\/\\\/www.digibus.at\\\/#website\"},\"primaryImageOfPage\":{\"@id\":\"https:\\\/\\\/www.digibus.at\\\/en\\\/partners\\\/#primaryimage\"},\"image\":{\"@id\":\"https:\\\/\\\/www.digibus.at\\\/en\\\/partners\\\/#primaryimage\"},\"thumbnailUrl\":\"https:\\\/\\\/www.digibus.at\\\/wp-content\\\/uploads\\\/SR_logo_RGB-300x123.jpg\",\"datePublished\":\"2018-04-11T08:43:42+00:00\",\"dateModified\":\"2019-06-27T13:22:03+00:00\",\"breadcrumb\":{\"@id\":\"https:\\\/\\\/www.digibus.at\\\/en\\\/partners\\\/#breadcrumb\"},\"inLanguage\":\"en-US\",\"potentialAction\":[{\"@type\":\"ReadAction\",\"target\":[\"https:\\\/\\\/www.digibus.at\\\/en\\\/partners\\\/\"]}]},{\"@type\":\"ImageObject\",\"inLanguage\":\"en-US\",\"@id\":\"https:\\\/\\\/www.digibus.at\\\/en\\\/partners\\\/#primaryimage\",\"url\":\"https:\\\/\\\/www.digibus.at\\\/wp-content\\\/uploads\\\/SR_logo_RGB-300x123.jpg\",\"contentUrl\":\"https:\\\/\\\/www.digibus.at\\\/wp-content\\\/uploads\\\/SR_logo_RGB-300x123.jpg\"},{\"@type\":\"BreadcrumbList\",\"@id\":\"https:\\\/\\\/www.digibus.at\\\/en\\\/partners\\\/#breadcrumb\",\"itemListElement\":[{\"@type\":\"ListItem\",\"position\":1,\"name\":\"Startseite\",\"item\":\"https:\\\/\\\/www.digibus.at\\\/en\\\/\"},{\"@type\":\"ListItem\",\"position\":2,\"name\":\"Partners\"}]},{\"@type\":\"WebSite\",\"@id\":\"https:\\\/\\\/www.digibus.at\\\/#website\",\"url\":\"https:\\\/\\\/www.digibus.at\\\/\",\"name\":\"Digibus 2.0\",\"description\":\"\u00d6sterreichisches Leitprojekt f\u00fcr automatisiertes Fahren im \u00f6ffentlichen Personennahverkehr\",\"potentialAction\":[{\"@type\":\"SearchAction\",\"target\":{\"@type\":\"EntryPoint\",\"urlTemplate\":\"https:\\\/\\\/www.digibus.at\\\/?s={search_term_string}\"},\"query-input\":{\"@type\":\"PropertyValueSpecification\",\"valueRequired\":true,\"valueName\":\"search_term_string\"}}],\"inLanguage\":\"en-US\"}]}<\/script>\n<!-- \/ Yoast SEO plugin. -->","yoast_head_json":{"title":"Partners - Digibus 2.0","robots":{"index":"index","follow":"follow","max-snippet":"max-snippet:-1","max-image-preview":"max-image-preview:large","max-video-preview":"max-video-preview:-1"},"canonical":"https:\/\/www.digibus.at\/en\/partners\/","og_locale":"en_US","og_type":"article","og_title":"Partners - Digibus 2.0","og_description":"Under the lead of Salzburg Research &#8220;Digibus\u00ae Austria&#8221; is managed by a top-class partner consortium along the entire value-added chain of public transport, from the vehicle manufacturer to the mobility service provider. Project coordinator: Companies: \u00a0 \u00a0\u00a0\u00a0\u00a0\u00a0 \u00a0 \u00a0 Research institutes: \u00a0 \u00a0\u00a0 Associate partners: \u00a0 \u00a0 \u00a0 Back to home page","og_url":"https:\/\/www.digibus.at\/en\/partners\/","og_site_name":"Digibus 2.0","article_modified_time":"2019-06-27T13:22:03+00:00","og_image":[{"url":"https:\/\/www.digibus.at\/wp-content\/uploads\/SR_logo_RGB-300x123.jpg","type":"","width":"","height":""}],"twitter_card":"summary_large_image","schema":{"@context":"https:\/\/schema.org","@graph":[{"@type":"WebPage","@id":"https:\/\/www.digibus.at\/en\/partners\/","url":"https:\/\/www.digibus.at\/en\/partners\/","name":"Partners - Digibus 2.0","isPartOf":{"@id":"https:\/\/www.digibus.at\/#website"},"primaryImageOfPage":{"@id":"https:\/\/www.digibus.at\/en\/partners\/#primaryimage"},"image":{"@id":"https:\/\/www.digibus.at\/en\/partners\/#primaryimage"},"thumbnailUrl":"https:\/\/www.digibus.at\/wp-content\/uploads\/SR_logo_RGB-300x123.jpg","datePublished":"2018-04-11T08:43:42+00:00","dateModified":"2019-06-27T13:22:03+00:00","breadcrumb":{"@id":"https:\/\/www.digibus.at\/en\/partners\/#breadcrumb"},"inLanguage":"en-US","potentialAction":[{"@type":"ReadAction","target":["https:\/\/www.digibus.at\/en\/partners\/"]}]},{"@type":"ImageObject","inLanguage":"en-US","@id":"https:\/\/www.digibus.at\/en\/partners\/#primaryimage","url":"https:\/\/www.digibus.at\/wp-content\/uploads\/SR_logo_RGB-300x123.jpg","contentUrl":"https:\/\/www.digibus.at\/wp-content\/uploads\/SR_logo_RGB-300x123.jpg"},{"@type":"BreadcrumbList","@id":"https:\/\/www.digibus.at\/en\/partners\/#breadcrumb","itemListElement":[{"@type":"ListItem","position":1,"name":"Startseite","item":"https:\/\/www.digibus.at\/en\/"},{"@type":"ListItem","position":2,"name":"Partners"}]},{"@type":"WebSite","@id":"https:\/\/www.digibus.at\/#website","url":"https:\/\/www.digibus.at\/","name":"Digibus 2.0","description":"\u00d6sterreichisches Leitprojekt f\u00fcr automatisiertes Fahren im \u00f6ffentlichen Personennahverkehr","potentialAction":[{"@type":"SearchAction","target":{"@type":"EntryPoint","urlTemplate":"https:\/\/www.digibus.at\/?s={search_term_string}"},"query-input":{"@type":"PropertyValueSpecification","valueRequired":true,"valueName":"search_term_string"}}],"inLanguage":"en-US"}]}},"_links":{"self":[{"href":"https:\/\/www.digibus.at\/en\/wp-json\/wp\/v2\/pages\/409","targetHints":{"allow":["GET"]}}],"collection":[{"href":"https:\/\/www.digibus.at\/en\/wp-json\/wp\/v2\/pages"}],"about":[{"href":"https:\/\/www.digibus.at\/en\/wp-json\/wp\/v2\/types\/page"}],"author":[{"embeddable":true,"href":"https:\/\/www.digibus.at\/en\/wp-json\/wp\/v2\/users\/3"}],"replies":[{"embeddable":true,"href":"https:\/\/www.digibus.at\/en\/wp-json\/wp\/v2\/comments?post=409"}],"version-history":[{"count":7,"href":"https:\/\/www.digibus.at\/en\/wp-json\/wp\/v2\/pages\/409\/revisions"}],"predecessor-version":[{"id":611,"href":"https:\/\/www.digibus.at\/en\/wp-json\/wp\/v2\/pages\/409\/revisions\/611"}],"wp:attachment":[{"href":"https:\/\/www.digibus.at\/en\/wp-json\/wp\/v2\/media?parent=409"}],"curies":[{"name":"wp","href":"https:\/\/api.w.org\/{rel}","templated":true}]}}